{"id":241432,"date":"2024-05-14T08:35:54","date_gmt":"2024-05-14T06:35:54","guid":{"rendered":"https:\/\/sanzadvocats.com\/equipo-sanz-advocats\/"},"modified":"2024-06-27T13:46:17","modified_gmt":"2024-06-27T11:46:17","slug":"equipo-sanz-advocats","status":"publish","type":"page","link":"https:\/\/sanzadvocats.com\/es\/equipo-sanz-advocats\/","title":{"rendered":"Equipo Sanz Advocats"},"content":{"rendered":"<p>[et_pb_section fb_built=\u00bb1&#8243; custom_padding_last_edited=\u00bbon|phone\u00bb disabled_on=\u00bbon|on|off\u00bb admin_label=\u00bbHeader\u00bb _builder_version=\u00bb4.25.1&#8243; _module_preset=\u00bbdefault\u00bb use_background_color_gradient=\u00bbon\u00bb background_color_gradient_stops=\u00bbrgba(31,35,44,0.7) 0%|rgba(30,35,43,0.41) 100%\u00bb background_color_gradient_overlays_image=\u00bbon\u00bb background_image=\u00bbhttps:\/\/sanzadvocats.com\/wp-content\/uploads\/2024\/05\/Derecho-civil-seccion-scaled.jpg\u00bb parallax=\u00bbon\u00bb custom_margin_tablet=\u00bb\u00bb custom_margin_phone=\u00bb||||false|false\u00bb custom_margin_last_edited=\u00bbon|phone\u00bb custom_padding=\u00bb7vw||7vw||true|false\u00bb custom_padding_tablet=\u00bb12vw||12vw||true|false\u00bb custom_padding_phone=\u00bb12vw||33vw||false|false\u00bb background_last_edited=\u00bboff|desktop\u00bb locked=\u00bboff\u00bb collapsed=\u00bboff\u00bb global_colors_info=\u00bb{%22gcid-9fa4a1b6-767d-41ca-984c-a6f10449c843%22:%91%22background_color_gradient_stops%22%93}\u00bb][et_pb_row _builder_version=\u00bb4.24.0&#8243; _module_preset=\u00bbdefault\u00bb width=\u00bbauto\u00bb global_colors_info=\u00bb{}\u00bb][et_pb_column type=\u00bb4_4&#8243; _builder_version=\u00bb4.20.0&#8243; _module_preset=\u00bbdefault\u00bb global_colors_info=\u00bb{}\u00bb][et_pb_text quote_border_color=\u00bb#ab3036&#8243; _builder_version=\u00bb4.25.1&#8243; _module_preset=\u00bbdefault\u00bb header_font=\u00bbPlayfair Display|200|||||||\u00bb header_text_color=\u00bb#FFFFFF\u00bb header_font_size=\u00bb60px\u00bb header_2_font=\u00bbPlayfair Display||||||||\u00bb header_2_text_align=\u00bbcenter\u00bb header_2_text_color=\u00bb#877866&#8243; header_2_font_size=\u00bb29px\u00bb custom_margin=\u00bb92px||||false|false\u00bb custom_margin_tablet=\u00bb\u00bb custom_margin_phone=\u00bb-3px|20px||20px|false|false\u00bb custom_margin_last_edited=\u00bbon|phone\u00bb animation_style=\u00bbslide\u00bb animation_direction=\u00bbleft\u00bb animation_duration=\u00bb1600ms\u00bb animation_intensity_slide=\u00bb12%\u00bb animation_starting_opacity=\u00bb6%\u00bb header_font_size_tablet=\u00bb25px\u00bb header_font_size_phone=\u00bb20px\u00bb header_font_size_last_edited=\u00bbon|phone\u00bb header_line_height_tablet=\u00bb\u00bb header_line_height_phone=\u00bb1.4em\u00bb header_line_height_last_edited=\u00bbon|phone\u00bb header_2_font_size_tablet=\u00bb36px\u00bb header_2_font_size_phone=\u00bb23px\u00bb header_2_font_size_last_edited=\u00bbon|phone\u00bb header_2_line_height_tablet=\u00bb\u00bb header_2_line_height_phone=\u00bb1.3em\u00bb header_2_line_height_last_edited=\u00bbon|phone\u00bb locked=\u00bboff\u00bb global_colors_info=\u00bb{}\u00bb]<\/p>\n<blockquote>\n<h1>Equipo Sanz Advocats<\/h1>\n<\/blockquote>\n<p>[\/et_pb_text][\/et_pb_column][\/et_pb_row][\/et_pb_section][et_pb_section fb_built=\u00bb1&#8243; custom_padding_last_edited=\u00bbon|phone\u00bb disabled_on=\u00bboff|off|on\u00bb admin_label=\u00bbHeader\u00bb _builder_version=\u00bb4.25.1&#8243; _module_preset=\u00bbdefault\u00bb use_background_color_gradient=\u00bbon\u00bb background_color_gradient_stops=\u00bbrgba(31,35,44,0.7) 0%|rgba(30,35,43,0.41) 100%\u00bb background_color_gradient_overlays_image=\u00bbon\u00bb background_image=\u00bbhttps:\/\/sanzadvocats.com\/wp-content\/uploads\/2024\/05\/Derecho-civil-seccion-scaled.jpg\u00bb custom_margin_tablet=\u00bb\u00bb custom_margin_phone=\u00bb||||false|false\u00bb custom_margin_last_edited=\u00bbon|phone\u00bb custom_padding=\u00bb7vw||7vw||true|false\u00bb custom_padding_tablet=\u00bb12vw||12vw||true|false\u00bb custom_padding_phone=\u00bb12vw||33vw||false|false\u00bb background_last_edited=\u00bboff|desktop\u00bb locked=\u00bboff\u00bb collapsed=\u00bbon\u00bb global_colors_info=\u00bb{%22gcid-9fa4a1b6-767d-41ca-984c-a6f10449c843%22:%91%22background_color_gradient_stops%22%93}\u00bb][et_pb_row _builder_version=\u00bb4.24.0&#8243; _module_preset=\u00bbdefault\u00bb width=\u00bbauto\u00bb global_colors_info=\u00bb{}\u00bb][et_pb_column type=\u00bb4_4&#8243; _builder_version=\u00bb4.20.0&#8243; _module_preset=\u00bbdefault\u00bb global_colors_info=\u00bb{}\u00bb][et_pb_text quote_border_color=\u00bb#ab3036&#8243; _builder_version=\u00bb4.25.1&#8243; _module_preset=\u00bbdefault\u00bb header_font=\u00bbPlayfair Display|200|||||||\u00bb header_text_color=\u00bb#FFFFFF\u00bb header_font_size=\u00bb60px\u00bb header_2_font=\u00bbPlayfair Display||||||||\u00bb header_2_text_align=\u00bbcenter\u00bb header_2_text_color=\u00bb#877866&#8243; header_2_font_size=\u00bb29px\u00bb custom_margin=\u00bb92px||||false|false\u00bb custom_margin_tablet=\u00bb\u00bb custom_margin_phone=\u00bb70px|16px|-40px|41px|false|false\u00bb custom_margin_last_edited=\u00bbon|phone\u00bb animation_style=\u00bbslide\u00bb animation_direction=\u00bbleft\u00bb animation_duration=\u00bb1600ms\u00bb animation_intensity_slide=\u00bb12%\u00bb animation_starting_opacity=\u00bb6%\u00bb header_font_size_tablet=\u00bb25px\u00bb header_font_size_phone=\u00bb40px\u00bb header_font_size_last_edited=\u00bbon|phone\u00bb header_line_height_tablet=\u00bb\u00bb header_line_height_phone=\u00bb1.4em\u00bb header_line_height_last_edited=\u00bbon|phone\u00bb header_2_font_size_tablet=\u00bb36px\u00bb header_2_font_size_phone=\u00bb23px\u00bb header_2_font_size_last_edited=\u00bbon|phone\u00bb header_2_line_height_tablet=\u00bb\u00bb header_2_line_height_phone=\u00bb1.3em\u00bb header_2_line_height_last_edited=\u00bbon|phone\u00bb locked=\u00bboff\u00bb global_colors_info=\u00bb{}\u00bb]<\/p>\n<blockquote>\n<h1>Equipo Sanz Advocats<\/h1>\n<\/blockquote>\n<p>[\/et_pb_text][\/et_pb_column][\/et_pb_row][\/et_pb_section][et_pb_section fb_built=\u00bb1&#8243; _builder_version=\u00bb4.24.0&#8243; _module_preset=\u00bbdefault\u00bb background_color=\u00bb#f7f7f7&#8243; global_colors_info=\u00bb{}\u00bb][et_pb_row column_structure=\u00bb1_3,1_3,1_3&#8243; use_custom_gutter=\u00bbon\u00bb gutter_width=\u00bb1&#8243; make_equal=\u00bbon\u00bb _builder_version=\u00bb4.25.1&#8243; _module_preset=\u00bbdefault\u00bb custom_margin=\u00bb-150px||||false|false\u00bb global_colors_info=\u00bb{}\u00bb][et_pb_column type=\u00bb1_3&#8243; _builder_version=\u00bb4.24.0&#8243; _module_preset=\u00bbdefault\u00bb global_colors_info=\u00bb{}\u00bb][et_pb_image src=\u00bbhttps:\/\/sanzadvocats.com\/wp-content\/uploads\/2024\/05\/equipo-victor-sanz.jpg\u00bb title_text=\u00bbequipo-victor-sanz\u00bb _builder_version=\u00bb4.25.1&#8243; _module_preset=\u00bbdefault\u00bb width=\u00bb48%\u00bb module_alignment=\u00bbcenter\u00bb border_radii=\u00bbon|50%|50%|50%|50%\u00bb border_width_all=\u00bb7px\u00bb border_color_all=\u00bb#FFFFFF\u00bb box_shadow_style=\u00bbpreset3&#8243; global_colors_info=\u00bb{}\u00bb][\/et_pb_image][et_pb_text _builder_version=\u00bb4.25.1&#8243; _module_preset=\u00bbdefault\u00bb text_font=\u00bbPoppins|300|||||||\u00bb text_text_color=\u00bb#ab3036&#8243; text_font_size=\u00bb20px\u00bb custom_margin=\u00bb45px||||false|false\u00bb global_colors_info=\u00bb%91%93&#8243;]<\/p>\n<p style=\"text-align: center;\">V\u00edctor Sanz Reyn\u00e9s<\/p>\n<p>[\/et_pb_text][et_pb_divider color=\u00bb#ab3036&#8243; divider_weight=\u00bb5px\u00bb _builder_version=\u00bb4.25.1&#8243; _module_preset=\u00bbdefault\u00bb width=\u00bb22%\u00bb module_alignment=\u00bbcenter\u00bb custom_margin=\u00bb16px||||false|false\u00bb global_colors_info=\u00bb{}\u00bb][\/et_pb_divider][et_pb_text _builder_version=\u00bb4.25.1&#8243; text_font=\u00bbPoppins|300|||||||\u00bb text_text_color=\u00bb#333333&#8243; text_line_height=\u00bb2em\u00bb text_orientation=\u00bbcenter\u00bb custom_margin=\u00bb|20px||20px|false|false\u00bb animation_style=\u00bbfade\u00bb hover_enabled=\u00bb0&#8243; text_orientation_tablet=\u00bbleft\u00bb text_orientation_phone=\u00bbcenter\u00bb text_orientation_last_edited=\u00bbon|tablet\u00bb locked=\u00bboff\u00bb global_colors_info=\u00bb{}\u00bb text_font_size=\u00bb16px\u00bb sticky_enabled=\u00bb0&#8243;]<\/p>\n<p>Abogado colegiado en 1998 en el Ilustre Colegio de Abogados de Girona, Especialista en Derecho Laboral y de la Seguridad Social, ejerciendo en otras \u00e1reas como el derecho Administrativo, Mercantil y Civil.<\/p>\n<p>[\/et_pb_text][et_pb_text _builder_version=\u00bb4.25.1&#8243; text_font=\u00bbPoppins|300|||on||||\u00bb text_text_color=\u00bb#ab3036&#8243; text_line_height=\u00bb2em\u00bb text_orientation=\u00bbcenter\u00bb animation_style=\u00bbfade\u00bb link_option_url=\u00bbhttps:\/\/www.linkedin.com\/in\/v%C3%ADctor-sanz-reyn%C3%A9s-bb88a922\/\u00bb link_option_url_new_window=\u00bbon\u00bb text_orientation_tablet=\u00bbleft\u00bb text_orientation_phone=\u00bbcenter\u00bb text_orientation_last_edited=\u00bbon|tablet\u00bb locked=\u00bboff\u00bb global_colors_info=\u00bb{}\u00bb]<\/p>\n<p>Ver m\u00e1s<\/p>\n<p>[\/et_pb_text][\/et_pb_column][et_pb_column type=\u00bb1_3&#8243; _builder_version=\u00bb4.24.0&#8243; _module_preset=\u00bbdefault\u00bb global_colors_info=\u00bb{}\u00bb][et_pb_image src=\u00bbhttps:\/\/sanzadvocats.com\/wp-content\/uploads\/2024\/05\/equipo-sergio-aguilar.jpg\u00bb title_text=\u00bbequipo-sergio-aguilar\u00bb _builder_version=\u00bb4.25.1&#8243; _module_preset=\u00bbdefault\u00bb width=\u00bb48%\u00bb module_alignment=\u00bbcenter\u00bb custom_margin_tablet=\u00bb\u00bb custom_margin_phone=\u00bb43px||||false|false\u00bb custom_margin_last_edited=\u00bbon|phone\u00bb border_radii=\u00bbon|50%|50%|50%|50%\u00bb border_width_all=\u00bb7px\u00bb border_color_all=\u00bb#FFFFFF\u00bb box_shadow_style=\u00bbpreset3&#8243; global_colors_info=\u00bb{}\u00bb][\/et_pb_image][et_pb_text _builder_version=\u00bb4.25.1&#8243; _module_preset=\u00bbdefault\u00bb text_font=\u00bbPoppins|300|||||||\u00bb text_text_color=\u00bb#ab3036&#8243; text_font_size=\u00bb20px\u00bb custom_margin=\u00bb45px||||false|false\u00bb global_colors_info=\u00bb%91%93&#8243;]<\/p>\n<p style=\"text-align: center;\">Sergio Aguilar de la Cruz<\/p>\n<p>[\/et_pb_text][et_pb_divider color=\u00bb#ab3036&#8243; divider_weight=\u00bb5px\u00bb _builder_version=\u00bb4.25.1&#8243; _module_preset=\u00bbdefault\u00bb width=\u00bb22%\u00bb module_alignment=\u00bbcenter\u00bb custom_margin=\u00bb16px||||false|false\u00bb global_colors_info=\u00bb{}\u00bb][\/et_pb_divider][et_pb_text _builder_version=\u00bb4.25.1&#8243; text_font=\u00bbPoppins|300|||||||\u00bb text_text_color=\u00bb#333333&#8243; text_line_height=\u00bb2em\u00bb text_orientation=\u00bbcenter\u00bb custom_margin=\u00bb|20px||20px|false|false\u00bb animation_style=\u00bbfade\u00bb text_orientation_tablet=\u00bbleft\u00bb text_orientation_phone=\u00bbcenter\u00bb text_orientation_last_edited=\u00bbon|tablet\u00bb locked=\u00bboff\u00bb global_colors_info=\u00bb{}\u00bb text_font_size=\u00bb16px\u00bb]Abogado colegiado en 2005 en el Ilustre Colegio de Abogados de Girona, Especialista en Derecho Penal, Extranjer\u00eda y Civil.[\/et_pb_text][et_pb_text _builder_version=\u00bb4.25.1&#8243; text_font=\u00bbPoppins|300|||on||||\u00bb text_text_color=\u00bb#ab3036&#8243; text_line_height=\u00bb2em\u00bb text_orientation=\u00bbcenter\u00bb animation_style=\u00bbfade\u00bb link_option_url=\u00bbhttps:\/\/www.linkedin.com\/in\/sergio-aguilar-de-la-cruz-b90366a8\/\u00bb link_option_url_new_window=\u00bbon\u00bb text_orientation_tablet=\u00bbleft\u00bb text_orientation_phone=\u00bbcenter\u00bb text_orientation_last_edited=\u00bbon|tablet\u00bb locked=\u00bboff\u00bb global_colors_info=\u00bb{}\u00bb]<\/p>\n<p>Ver m\u00e1s<\/p>\n<p>[\/et_pb_text][\/et_pb_column][et_pb_column type=\u00bb1_3&#8243; _builder_version=\u00bb4.24.0&#8243; _module_preset=\u00bbdefault\u00bb global_colors_info=\u00bb{}\u00bb][et_pb_image src=\u00bbhttps:\/\/sanzadvocats.com\/wp-content\/uploads\/2024\/05\/equipo-veronica-martinez.jpg\u00bb title_text=\u00bbequipo-veronica-martinez\u00bb _builder_version=\u00bb4.25.1&#8243; _module_preset=\u00bbdefault\u00bb width=\u00bb48%\u00bb module_alignment=\u00bbcenter\u00bb custom_margin_tablet=\u00bb\u00bb custom_margin_phone=\u00bb43px||||false|false\u00bb custom_margin_last_edited=\u00bbon|phone\u00bb border_radii=\u00bbon|50%|50%|50%|50%\u00bb border_width_all=\u00bb7px\u00bb border_color_all=\u00bb#FFFFFF\u00bb box_shadow_style=\u00bbpreset3&#8243; global_colors_info=\u00bb{}\u00bb][\/et_pb_image][et_pb_text _builder_version=\u00bb4.25.1&#8243; _module_preset=\u00bbdefault\u00bb text_font=\u00bbPoppins|300|||||||\u00bb text_text_color=\u00bb#ab3036&#8243; text_font_size=\u00bb20px\u00bb custom_margin=\u00bb45px||||false|false\u00bb global_colors_info=\u00bb%91%93&#8243;]<\/p>\n<p style=\"text-align: center;\">Ver\u00f3nica Martinez Da Silva<\/p>\n<p>[\/et_pb_text][et_pb_divider color=\u00bb#ab3036&#8243; divider_weight=\u00bb5px\u00bb _builder_version=\u00bb4.25.1&#8243; _module_preset=\u00bbdefault\u00bb width=\u00bb22%\u00bb module_alignment=\u00bbcenter\u00bb custom_margin=\u00bb16px||||false|false\u00bb global_colors_info=\u00bb{}\u00bb][\/et_pb_divider][et_pb_text _builder_version=\u00bb4.25.1&#8243; text_font=\u00bbPoppins|300|||||||\u00bb text_text_color=\u00bb#ab3036&#8243; text_line_height=\u00bb2em\u00bb text_orientation=\u00bbcenter\u00bb animation_style=\u00bbfade\u00bb text_orientation_tablet=\u00bbleft\u00bb text_orientation_phone=\u00bbcenter\u00bb text_orientation_last_edited=\u00bbon|tablet\u00bb locked=\u00bboff\u00bb global_colors_info=\u00bb{}\u00bb]<\/p>\n<p>Departamento de Administraci\u00f3n<\/p>\n<p>[\/et_pb_text][\/et_pb_column][\/et_pb_row][\/et_pb_section][et_pb_section fb_built=\u00bb1&#8243; _builder_version=\u00bb4.25.1&#8243; _module_preset=\u00bbdefault\u00bb use_background_color_gradient=\u00bbon\u00bb background_color_gradient_stops=\u00bbrgba(0,0,0,0.53) 0%|rgba(0,0,0,0.69) 100%\u00bb background_color_gradient_overlays_image=\u00bbon\u00bb background_image=\u00bbhttps:\/\/sanzadvocats.com\/wp-content\/uploads\/2024\/05\/Derecho-penal-seccion-scaled.jpg\u00bb parallax=\u00bbon\u00bb locked=\u00bboff\u00bb global_colors_info=\u00bb{}\u00bb][et_pb_row _builder_version=\u00bb4.25.1&#8243; _module_preset=\u00bbdefault\u00bb global_colors_info=\u00bb{}\u00bb][et_pb_column type=\u00bb4_4&#8243; _builder_version=\u00bb4.25.1&#8243; _module_preset=\u00bbdefault\u00bb global_colors_info=\u00bb{}\u00bb][et_pb_text quote_border_color=\u00bb#ab3036&#8243; _builder_version=\u00bb4.25.1&#8243; _module_preset=\u00bbdefault\u00bb text_font=\u00bbPoppins|300|||||||\u00bb text_font_size=\u00bb22px\u00bb text_line_height=\u00bb1.8em\u00bb header_font=\u00bbPoppins|300|||||||\u00bb header_text_color=\u00bb#877866&#8243; header_font_size=\u00bb25px\u00bb header_2_font=\u00bbPlayfair Display|200|||||||\u00bb header_2_text_align=\u00bbcenter\u00bb header_2_text_color=\u00bb#FFFFFF\u00bb header_2_font_size=\u00bb45px\u00bb custom_margin=\u00bb-24px||||false|false\u00bb custom_margin_tablet=\u00bb\u00bb custom_margin_phone=\u00bb-3px|20px||20px|false|false\u00bb custom_margin_last_edited=\u00bbon|phone\u00bb animation_style=\u00bbslide\u00bb animation_direction=\u00bbleft\u00bb animation_duration=\u00bb1600ms\u00bb animation_intensity_slide=\u00bb12%\u00bb animation_starting_opacity=\u00bb6%\u00bb header_font_size_tablet=\u00bb25px\u00bb header_font_size_phone=\u00bb20px\u00bb header_font_size_last_edited=\u00bbon|phone\u00bb header_line_height_tablet=\u00bb\u00bb header_line_height_phone=\u00bb1.4em\u00bb header_line_height_last_edited=\u00bbon|phone\u00bb header_2_font_size_tablet=\u00bb36px\u00bb header_2_font_size_phone=\u00bb23px\u00bb header_2_font_size_last_edited=\u00bbon|phone\u00bb header_2_line_height_tablet=\u00bb\u00bb header_2_line_height_phone=\u00bb1.3em\u00bb header_2_line_height_last_edited=\u00bbon|phone\u00bb global_colors_info=\u00bb{}\u00bb]<\/p>\n<h2 style=\"text-align: center;\">\u00bfPodemos ayudarte?<\/h2>\n<p>[\/et_pb_text][et_pb_text _builder_version=\u00bb4.25.1&#8243; _module_preset=\u00bbdefault\u00bb text_font=\u00bbPoppins|300|||||||\u00bb text_text_color=\u00bb#FFFFFF\u00bb text_font_size=\u00bb17px\u00bb text_orientation=\u00bbcenter\u00bb custom_margin=\u00bb-20px||||false|false\u00bb global_colors_info=\u00bb{}\u00bb]Cont\u00e1ctanos para recibir m\u00e1s informaci\u00f3n sobre nuestros servicios[\/et_pb_text][et_pb_button button_url=\u00bb@ET-DC@eyJkeW5hbWljIjp0cnVlLCJjb250ZW50IjoicG9zdF9saW5rX3VybF9wYWdlIiwic2V0dGluZ3MiOnsicG9zdF9pZCI6IjY1NyJ9fQ==@\u00bb button_text=\u00bbContactar\u00bb button_alignment=\u00bbcenter\u00bb _builder_version=\u00bb4.25.1&#8243; _dynamic_attributes=\u00bbbutton_url\u00bb _module_preset=\u00bbdefault\u00bb custom_button=\u00bbon\u00bb button_text_color=\u00bb#FFFFFF\u00bb button_border_color=\u00bb#FFFFFF\u00bb button_font=\u00bbPoppins|300|||||||\u00bb global_colors_info=\u00bb{}\u00bb][\/et_pb_button][\/et_pb_column][\/et_pb_row][\/et_pb_section]<\/p>\n","protected":false},"excerpt":{"rendered":"<p>Equipo Sanz Advocats Equipo Sanz Advocats V\u00edctor Sanz Reyn\u00e9sAbogado colegiado en 1998 en el Ilustre Colegio de Abogados de Girona, Especialista en Derecho Laboral y de la Seguridad Social, ejerciendo en otras \u00e1reas como el derecho Administrativo, Mercantil y Civil.Ver m\u00e1sSergio Aguilar de la CruzAbogado colegiado en 2005 en el Ilustre Colegio de Abogados de [&hellip;]<\/p>\n","protected":false},"author":3,"featured_media":0,"parent":0,"menu_order":0,"comment_status":"closed","ping_status":"closed","template":"","meta":{"_et_pb_use_builder":"on","_et_pb_old_content":"","_et_gb_content_width":"","footnotes":""},"yoast_head":"<!-- This site is optimized with the Yoast SEO plugin v22.9 - https:\/\/yoast.com\/wordpress\/plugins\/seo\/ -->\n<title>Equipo Sanz Advocats - Sanz Advocats<\/title>\n<meta name=\"robots\" content=\"index, follow, max-snippet:-1, max-image-preview:large, max-video-preview:-1\" \/>\n<link rel=\"canonical\" href=\"https:\/\/sanzadvocats.com\/es\/equipo-sanz-advocats\/\" \/>\n<meta property=\"og:locale\" content=\"es_ES\" \/>\n<meta property=\"og:type\" content=\"article\" \/>\n<meta property=\"og:title\" content=\"Equipo Sanz Advocats - Sanz Advocats\" \/>\n<meta property=\"og:description\" content=\"Equipo Sanz Advocats Equipo Sanz Advocats V\u00edctor Sanz Reyn\u00e9sAbogado colegiado en 1998 en el Ilustre Colegio de Abogados de Girona, Especialista en Derecho Laboral y de la Seguridad Social, ejerciendo en otras \u00e1reas como el derecho Administrativo, Mercantil y Civil.Ver m\u00e1sSergio Aguilar de la CruzAbogado colegiado en 2005 en el Ilustre Colegio de Abogados de [&hellip;]\" \/>\n<meta property=\"og:url\" content=\"https:\/\/sanzadvocats.com\/es\/equipo-sanz-advocats\/\" \/>\n<meta property=\"og:site_name\" content=\"Sanz Advocats\" \/>\n<meta property=\"article:modified_time\" content=\"2024-06-27T11:46:17+00:00\" \/>\n<meta name=\"twitter:card\" content=\"summary_large_image\" \/>\n<meta name=\"twitter:label1\" content=\"Tiempo de lectura\" \/>\n\t<meta name=\"twitter:data1\" content=\"9 minutos\" \/>\n<script type=\"application\/ld+json\" class=\"yoast-schema-graph\">{\"@context\":\"https:\/\/schema.org\",\"@graph\":[{\"@type\":\"WebPage\",\"@id\":\"https:\/\/sanzadvocats.com\/es\/equipo-sanz-advocats\/\",\"url\":\"https:\/\/sanzadvocats.com\/es\/equipo-sanz-advocats\/\",\"name\":\"Equipo Sanz Advocats - Sanz Advocats\",\"isPartOf\":{\"@id\":\"https:\/\/sanzadvocats.com\/es\/#website\"},\"datePublished\":\"2024-05-14T06:35:54+00:00\",\"dateModified\":\"2024-06-27T11:46:17+00:00\",\"breadcrumb\":{\"@id\":\"https:\/\/sanzadvocats.com\/es\/equipo-sanz-advocats\/#breadcrumb\"},\"inLanguage\":\"es\",\"potentialAction\":[{\"@type\":\"ReadAction\",\"target\":[\"https:\/\/sanzadvocats.com\/es\/equipo-sanz-advocats\/\"]}]},{\"@type\":\"BreadcrumbList\",\"@id\":\"https:\/\/sanzadvocats.com\/es\/equipo-sanz-advocats\/#breadcrumb\",\"itemListElement\":[{\"@type\":\"ListItem\",\"position\":1,\"name\":\"Portada\",\"item\":\"https:\/\/sanzadvocats.com\/es\/\"},{\"@type\":\"ListItem\",\"position\":2,\"name\":\"Equipo Sanz Advocats\"}]},{\"@type\":\"WebSite\",\"@id\":\"https:\/\/sanzadvocats.com\/es\/#website\",\"url\":\"https:\/\/sanzadvocats.com\/es\/\",\"name\":\"Sanz Advocats\",\"description\":\"\",\"potentialAction\":[{\"@type\":\"SearchAction\",\"target\":{\"@type\":\"EntryPoint\",\"urlTemplate\":\"https:\/\/sanzadvocats.com\/es\/?s={search_term_string}\"},\"query-input\":\"required name=search_term_string\"}],\"inLanguage\":\"es\"}]}<\/script>\n<!-- \/ Yoast SEO plugin. -->","yoast_head_json":{"title":"Equipo Sanz Advocats - Sanz Advocats","robots":{"index":"index","follow":"follow","max-snippet":"max-snippet:-1","max-image-preview":"max-image-preview:large","max-video-preview":"max-video-preview:-1"},"canonical":"https:\/\/sanzadvocats.com\/es\/equipo-sanz-advocats\/","og_locale":"es_ES","og_type":"article","og_title":"Equipo Sanz Advocats - Sanz Advocats","og_description":"Equipo Sanz Advocats Equipo Sanz Advocats V\u00edctor Sanz Reyn\u00e9sAbogado colegiado en 1998 en el Ilustre Colegio de Abogados de Girona, Especialista en Derecho Laboral y de la Seguridad Social, ejerciendo en otras \u00e1reas como el derecho Administrativo, Mercantil y Civil.Ver m\u00e1sSergio Aguilar de la CruzAbogado colegiado en 2005 en el Ilustre Colegio de Abogados de [&hellip;]","og_url":"https:\/\/sanzadvocats.com\/es\/equipo-sanz-advocats\/","og_site_name":"Sanz Advocats","article_modified_time":"2024-06-27T11:46:17+00:00","twitter_card":"summary_large_image","twitter_misc":{"Tiempo de lectura":"9 minutos"},"schema":{"@context":"https:\/\/schema.org","@graph":[{"@type":"WebPage","@id":"https:\/\/sanzadvocats.com\/es\/equipo-sanz-advocats\/","url":"https:\/\/sanzadvocats.com\/es\/equipo-sanz-advocats\/","name":"Equipo Sanz Advocats - Sanz Advocats","isPartOf":{"@id":"https:\/\/sanzadvocats.com\/es\/#website"},"datePublished":"2024-05-14T06:35:54+00:00","dateModified":"2024-06-27T11:46:17+00:00","breadcrumb":{"@id":"https:\/\/sanzadvocats.com\/es\/equipo-sanz-advocats\/#breadcrumb"},"inLanguage":"es","potentialAction":[{"@type":"ReadAction","target":["https:\/\/sanzadvocats.com\/es\/equipo-sanz-advocats\/"]}]},{"@type":"BreadcrumbList","@id":"https:\/\/sanzadvocats.com\/es\/equipo-sanz-advocats\/#breadcrumb","itemListElement":[{"@type":"ListItem","position":1,"name":"Portada","item":"https:\/\/sanzadvocats.com\/es\/"},{"@type":"ListItem","position":2,"name":"Equipo Sanz Advocats"}]},{"@type":"WebSite","@id":"https:\/\/sanzadvocats.com\/es\/#website","url":"https:\/\/sanzadvocats.com\/es\/","name":"Sanz Advocats","description":"","potentialAction":[{"@type":"SearchAction","target":{"@type":"EntryPoint","urlTemplate":"https:\/\/sanzadvocats.com\/es\/?s={search_term_string}"},"query-input":"required name=search_term_string"}],"inLanguage":"es"}]}},"_links":{"self":[{"href":"https:\/\/sanzadvocats.com\/es\/wp-json\/wp\/v2\/pages\/241432"}],"collection":[{"href":"https:\/\/sanzadvocats.com\/es\/wp-json\/wp\/v2\/pages"}],"about":[{"href":"https:\/\/sanzadvocats.com\/es\/wp-json\/wp\/v2\/types\/page"}],"author":[{"embeddable":true,"href":"https:\/\/sanzadvocats.com\/es\/wp-json\/wp\/v2\/users\/3"}],"replies":[{"embeddable":true,"href":"https:\/\/sanzadvocats.com\/es\/wp-json\/wp\/v2\/comments?post=241432"}],"version-history":[{"count":15,"href":"https:\/\/sanzadvocats.com\/es\/wp-json\/wp\/v2\/pages\/241432\/revisions"}],"predecessor-version":[{"id":242249,"href":"https:\/\/sanzadvocats.com\/es\/wp-json\/wp\/v2\/pages\/241432\/revisions\/242249"}],"wp:attachment":[{"href":"https:\/\/sanzadvocats.com\/es\/wp-json\/wp\/v2\/media?parent=241432"}],"curies":[{"name":"wp","href":"https:\/\/api.w.org\/{rel}","templated":true}]}}