{"id":241474,"date":"2021-09-10T10:16:30","date_gmt":"2021-09-10T08:16:30","guid":{"rendered":"https:\/\/sanzadvocats.com\/politica-de-cookies\/"},"modified":"2024-06-27T16:39:57","modified_gmt":"2024-06-27T14:39:57","slug":"politica-de-cookies","status":"publish","type":"page","link":"https:\/\/sanzadvocats.com\/es\/politica-de-cookies\/","title":{"rendered":"Pol\u00edtica de Cookies"},"content":{"rendered":"<p>[et_pb_section fb_built=\u00bb1&#8243; _builder_version=\u00bb4.25.1&#8243; _module_preset=\u00bbdefault\u00bb custom_margin=\u00bb90px||||false|false\u00bb hover_enabled=\u00bb0&#8243; locked=\u00bboff\u00bb global_colors_info=\u00bb{}\u00bb sticky_enabled=\u00bb0&#8243;][et_pb_row _builder_version=\u00bb4.25.1&#8243; _module_preset=\u00bbdefault\u00bb width=\u00bb79.6%\u00bb custom_margin=\u00bb1px|auto||auto|false|false\u00bb custom_margin_tablet=\u00bb\u00bb custom_margin_phone=\u00bb25px||||false|false\u00bb custom_margin_last_edited=\u00bbon|phone\u00bb global_colors_info=\u00bb{}\u00bb][et_pb_column type=\u00bb4_4&#8243; _builder_version=\u00bb4.25.1&#8243; _module_preset=\u00bbdefault\u00bb global_colors_info=\u00bb{}\u00bb][et_pb_text admin_label=\u00bbTitle\u00bb _builder_version=\u00bb4.25.1&#8243; text_font=\u00bb||||||||\u00bb header_font=\u00bb||||||||\u00bb header_2_font=\u00bbPlayfair Display||||||||\u00bb header_2_font_size=\u00bb25px\u00bb header_2_line_height=\u00bb1.6em\u00bb custom_margin=\u00bb||10px|\u00bb animation_style=\u00bbslide\u00bb animation_direction=\u00bbtop\u00bb animation_intensity_slide=\u00bb5%\u00bb animation_starting_opacity=\u00bb100%\u00bb global_colors_info=\u00bb{}\u00bb]<\/p>\n<h2>Pol\u00edtica de cookies<\/h2>\n<p>[\/et_pb_text][et_pb_divider color=\u00bb#877866&#8243; divider_position=\u00bbcenter\u00bb divider_weight=\u00bb3px\u00bb _builder_version=\u00bb4.25.1&#8243; max_width=\u00bb70px\u00bb animation_style=\u00bbslide\u00bb animation_direction=\u00bbtop\u00bb animation_intensity_slide=\u00bb10%\u00bb animation_starting_opacity=\u00bb100%\u00bb global_colors_info=\u00bb{}\u00bb][\/et_pb_divider][et_pb_text _builder_version=\u00bb4.25.1&#8243; text_font=\u00bbPoppins|300|||||||\u00bb text_text_color=\u00bb#333333&#8243; text_line_height=\u00bb2em\u00bb text_orientation=\u00bbjustified\u00bb animation_style=\u00bbfade\u00bb text_orientation_tablet=\u00bbleft\u00bb text_orientation_phone=\u00bbleft\u00bb text_orientation_last_edited=\u00bbon|tablet\u00bb global_colors_info=\u00bb{}\u00bb]<\/p>\n<p>En cumplimiento con el deber de informaci\u00f3n recogido en el apartado 2\u00ba del art\u00edculo 22 de la Ley 34\/2002, de 11 de Julio, de Servicios de la Sociedad de la Informaci\u00f3n y del Comercio Electr\u00f3nico, la presente cl\u00e1usula de cookies tiene por finalidad informar a los usuarios de forma clara y precisa sobre las cookies que utiliza el dominio web https:\/\/sanzadvocats.com, propiedad de Sanz Advocats.<\/p>\n<p>Una cookie es un archivo de peque\u00f1o tama\u00f1o que los sitios web env\u00edan al navegador y descargan en su ordenador. Las cookies permiten que la p\u00e1gina web almacene y recupere la informaci\u00f3n sobre su visita, como el idioma y otras opciones, con el fin de mejorar los servicios que se ofrecen y contribuir a tener una mejor experiencia en la navegaci\u00f3n por el usuario.<\/p>\n<p>En el portal web se utilizan diferentes tipos de cookies con distintas finalidades.<\/p>\n<ul>\n<li><strong>Cookies necesarias<\/strong><br \/>Las cookies necesarias hacen la web utilizable activando funciones b\u00e1sicas como la navegaci\u00f3n en la p\u00e1gina web y el acceso a \u00e1reas seguras de la p\u00e1gina. La p\u00e1gina web no puede funcionar adecuadamente sin estas cookies.<\/li>\n<li><strong>Cookies de preferencias<\/strong><br \/>Las cookies de preferencias permiten al sitio web recordar informaci\u00f3n que cambia la forma en la que el sitio web se comporta o se muestra, como el idioma preferido o la regi\u00f3n.<\/li>\n<li><strong>Cookies estad\u00edsticas<\/strong><br \/>Las cookies estad\u00edsticas permiten entender c\u00f3mo los visitantes interact\u00faan en la p\u00e1gina web proporcionando informaci\u00f3n an\u00f3nima.<\/li>\n<\/ul>\n<p>Cookies de marketing<br \/>Las cookies de marketing se usan para rastrear a los usuarios a trav\u00e9s de las p\u00e1ginas webs con la intenci\u00f3n de mostrarles anuncios que sean relevantes para los usuarios.<\/p>\n<p><strong>Cookies utilizadas en la web<\/strong><\/p>\n<p>A continuaci\u00f3n, se enumeran las cookies empleadas:<\/p>\n<p><strong>EMPRESAS &#8211; Cookies utilizadas<\/strong><\/p>\n<p>Las cookies estad\u00edsticas permiten entender c\u00f3mo los visitantes interact\u00faan en la p\u00e1gina web proporcionando informaci\u00f3n an\u00f3nima.<\/p>\n<p>[\/et_pb_text][\/et_pb_column][\/et_pb_row][et_pb_row _builder_version=\u00bb4.25.1&#8243; _module_preset=\u00bbdefault\u00bb global_colors_info=\u00bb{}\u00bb][et_pb_column type=\u00bb4_4&#8243; _builder_version=\u00bb4.25.1&#8243; _module_preset=\u00bbdefault\u00bb global_colors_info=\u00bb{}\u00bb][et_pb_text _builder_version=\u00bb4.25.1&#8243; _module_preset=\u00bbdefault\u00bb global_colors_info=\u00bb{}\u00bb]<\/p>\n<table style=\"height: 1684px; width: 100%;\" width=\"100%\">\n<tbody>\n<tr style=\"height: 23px;\">\n<td style=\"height: 23px;\"><strong>Nombre<\/strong><\/td>\n<td style=\"height: 23px;\"><strong>Descripci\u00f3n<\/strong><\/td>\n<\/tr>\n<tr style=\"height: 47px;\">\n<td style=\"height: 47px;\"><strong>_GA<\/strong><\/td>\n<td style=\"height: 47px;\">Registra una identificaci\u00f3n \u00fanica que se utiliza para generar datos estad\u00edsticos sobre c\u00f3mo utiliza el visitante el sitio web.<\/td>\n<\/tr>\n<tr style=\"height: 23px;\">\n<td style=\"height: 23px;\"><strong>_GAT<\/strong><\/td>\n<td style=\"height: 23px;\">Se utiliza para controlar la tasa de peticiones.<\/td>\n<\/tr>\n<tr style=\"height: 47px;\">\n<td style=\"height: 47px;\"><strong>_GID<\/strong><\/td>\n<td style=\"height: 47px;\">Se utiliza para enviar datos a Google Analytics sobre el dispositivo del visitante y su comportamiento. Rastrea al visitante a trav\u00e9s de dispositivos y canales de marketing.<\/td>\n<\/tr>\n<tr style=\"height: 23px;\">\n<td style=\"height: 23px;\"><strong>_gat_norec<\/strong><\/td>\n<td style=\"height: 23px;\">Cookies utilizadas por Google Analytics que contiene un identificador an\u00f3nimo usado para distinguir usuarios.<\/td>\n<\/tr>\n<tr style=\"height: 23px;\">\n<td style=\"height: 23px;\"><strong>CONSIENTE<\/strong><\/td>\n<td style=\"height: 23px;\">Almacena el estado de consentimiento de cookies del usuario para el dominio actual.<\/td>\n<\/tr>\n<tr style=\"height: 47px;\">\n<td style=\"height: 47px;\"><strong>NID<\/strong><\/td>\n<td style=\"height: 47px;\">Esta cookie es utilizada por Google para almacenar las preferencias del usuario y la informaci\u00f3n durante la visualizaci\u00f3n de las p\u00e1ginas con los mapas de Google.<\/td>\n<\/tr>\n<tr style=\"height: 23px;\">\n<td style=\"height: 23px;\"><strong>DSID<\/strong><\/td>\n<td style=\"height: 23px;\">Es una cookie de publicidad para mostrar anuncios m\u00e1s relevantes.<\/td>\n<\/tr>\n<tr style=\"height: 71px;\">\n<td style=\"height: 71px;\"><strong>CONSIENTE<\/strong><\/td>\n<td style=\"height: 71px;\">Contiene un valor generado aleatoriamente \u00fanico que permite a la Plataforma para distinguir navegadoras y dispositivos. Esta informaci\u00f3n es utilizada para medir el rendimiento de los anuncios y proporcionar recomendaciones relativas a productos basados \u200b\u200ben datos estad\u00edsticos.<\/td>\n<\/tr>\n<tr style=\"height: 47px;\">\n<td style=\"height: 47px;\"><strong>APISID<\/strong><\/td>\n<td style=\"height: 47px;\">Al crear o iniciar sesi\u00f3n en un cuenta de Google se almacenan las cookies con el fin de permanecer conectado a ese cuenta de Google al visitar sus servicios de nuevo.<\/td>\n<\/tr>\n<tr style=\"height: 47px;\">\n<td style=\"height: 47px;\"><strong>3PSID<\/strong><\/td>\n<td style=\"height: 47px;\">Utilizamos cookies de seguridad para autenticar a los usuarios, evitar el uso fraudulento de credenciales de inicio de sesi\u00f3n y proteger las datos de los usuarios de partes no autorizadas.<\/td>\n<\/tr>\n<tr style=\"height: 47px;\">\n<td style=\"height: 47px;\"><strong>HSID<\/strong><\/td>\n<td style=\"height: 47px;\">Utilizamos cookies de seguridad para autenticar a los usuarios, evitar el uso fraudulento de credenciales de inicio de sesi\u00f3n y proteger las datos de los usuarios de partes no autorizadas.<\/td>\n<\/tr>\n<tr style=\"height: 47px;\">\n<td style=\"height: 47px;\"><strong>SIDCC<\/strong><\/td>\n<td style=\"height: 47px;\">Esta cookie es utilizada por Google para proveer servicios y extraer informaci\u00f3n an\u00f3nima sobre la navegaci\u00f3n.<\/td>\n<\/tr>\n<tr style=\"height: 47px;\">\n<td style=\"height: 47px;\"><strong>OGP<\/strong><\/td>\n<td style=\"height: 47px;\">Esta cookie es utilizada por Google para proveer servicios y extraer informaci\u00f3n an\u00f3nima sobre la navegaci\u00f3n.<\/td>\n<\/tr>\n<tr style=\"height: 23px;\">\n<td style=\"height: 23px;\"><strong>OTZ<\/strong><\/td>\n<td style=\"height: 23px;\">Se utiliza para personalizar los anuncios que se muestran en los servicios de Google.<\/td>\n<\/tr>\n<tr style=\"height: 47px;\">\n<td style=\"height: 47px;\"><strong>SAPISID<\/strong><\/td>\n<td style=\"height: 47px;\">Estas cookies son utilizadas por Google para almacenar las preferencias del usuario y la informaci\u00f3n durante la visualizaci\u00f3n de las p\u00e1ginas con los mapas de Google en ellos.<\/td>\n<\/tr>\n<tr style=\"height: 47px;\">\n<td style=\"height: 47px;\"><strong>_gat_rec<\/strong><\/td>\n<td style=\"height: 47px;\">Cookies utilizadas por Google Analytics que contiene un identificador an\u00f3nimo usado para distinguir usuarios.<\/td>\n<\/tr>\n<tr style=\"height: 23px;\">\n<td style=\"height: 23px;\"><strong>Funcionamiento interno de AddThis.<\/strong><\/td>\n<td style=\"height: 23px;\">Funcionamiento interno de AddThis.<\/td>\n<\/tr>\n<tr style=\"height: 47px;\">\n<td style=\"height: 47px;\"><strong>loc<\/strong><\/td>\n<td style=\"height: 47px;\">Geolocalizaci\u00f3n, que se utiliza para ayudar a los proveedores a determinar d\u00f3nde est\u00e1n geogr\u00e1ficamente ubicados (a nivel de estado) los usuarios que comparten informaci\u00f3n entre s\u00ed.<\/td>\n<\/tr>\n<tr style=\"height: 23px;\">\n<td style=\"height: 23px;\"><strong>mus<\/strong><\/td>\n<td style=\"height: 23px;\">Permite a los visitantes de nuestro sitio web compartir sus contenidos en red social.<\/td>\n<\/tr>\n<tr style=\"height: 95px;\">\n<td style=\"height: 95px;\"><strong>na_id<\/strong><\/td>\n<td style=\"height: 95px;\">Permite a los sitios web ya sus usuarios compartir f\u00e1cilmente el contenido con los dem\u00e1s, a trav\u00e9s de iconos de intercambio y de los destinos de bookmarking social. Las cookies AddThis se utilizan con el fin de habilitar el contenido para ser compartido. AddThis tambi\u00e9n se utiliza para recopilar informaci\u00f3n sobre c\u00f3mo se comparte contenido del sitio web.<\/td>\n<\/tr>\n<tr style=\"height: 95px;\">\n<td style=\"height: 95px;\"><strong>na_tc<\/strong><\/td>\n<td style=\"height: 95px;\">Permite a los sitios web ya sus usuarios compartir f\u00e1cilmente el contenido con los dem\u00e1s, a trav\u00e9s de iconos de intercambio y de los destinos de bookmarking social. Las cookies AddThis se utilizan con el fin de habilitar el contenido para ser compartido. AddThis tambi\u00e9n se utiliza para recopilar informaci\u00f3n sobre c\u00f3mo se comparte contenido del sitio web.<\/td>\n<\/tr>\n<tr style=\"height: 23px;\">\n<td style=\"height: 23px;\"><strong>act<\/strong><\/td>\n<td style=\"height: 23px;\">Cookies necesarios para el complemento social de Facebook.<\/td>\n<\/tr>\n<tr style=\"height: 23px;\">\n<td style=\"height: 23px;\"><strong>c_user<\/strong><\/td>\n<td style=\"height: 23px;\">Cookies necesarios para el complemento social de Facebook.<\/td>\n<\/tr>\n<tr style=\"height: 47px;\">\n<td style=\"height: 46px;\"><strong>fr<\/strong><\/td>\n<td style=\"height: 46px;\">Se trata de la cookie de publicidad principal de facebook. Se utiliza para ofrecer, analizar y mejorar la relevancia de los anuncios.<\/td>\n<\/tr>\n<tr style=\"height: 23px;\">\n<td style=\"height: 23px;\"><strong>Pl<\/strong><\/td>\n<td style=\"height: 23px;\">Cookies necesarios para el complemento social de Facebook.<\/td>\n<\/tr>\n<tr style=\"height: 23px;\">\n<td style=\"height: 23px;\"><strong>Presence<\/strong><\/td>\n<td style=\"height: 23px;\">Cookies necesarios para el complemento social de Facebook.<\/td>\n<\/tr>\n<tr style=\"height: 23px;\">\n<td style=\"height: 23px;\"><strong>Sb<\/strong><\/td>\n<td style=\"height: 23px;\">Cookies necesarios para el complemento social de Facebook.<\/td>\n<\/tr>\n<tr style=\"height: 23px;\">\n<td style=\"height: 23px;\"><strong>Spin<\/strong><\/td>\n<td style=\"height: 23px;\">Cookies de publicidad.<\/td>\n<\/tr>\n<tr style=\"height: 23px;\">\n<td style=\"height: 23px;\"><strong>Wd<\/strong><\/td>\n<td style=\"height: 23px;\">Cookies necesarios para el complemento social de Facebook.<\/td>\n<\/tr>\n<tr style=\"height: 23px;\">\n<td style=\"height: 23px;\"><strong>xs<\/strong><\/td>\n<td style=\"height: 23px;\">Cookies necesarios para el complemento social de Facebook.<\/td>\n<\/tr>\n<tr style=\"height: 47px;\">\n<td style=\"height: 47px;\"><strong>locale<\/strong><\/td>\n<td style=\"height: 47px;\">Esta cookie contiene la configuraci\u00f3n regional de visualizaci\u00f3n del \u00faltimo usuario conectado en este navegador. Esta cookie parece que se establece s\u00f3lo cuando el usuario cierra la sesi\u00f3n.<\/td>\n<\/tr>\n<tr style=\"height: 23px;\">\n<td style=\"height: 23px;\"><strong>cc_cookie_accept<\/strong><\/td>\n<td style=\"height: 23px;\">Se utilizan para comprobar si el visitante acepta las cookies.<\/td>\n<\/tr>\n<tr style=\"height: 23px;\">\n<td style=\"height: 23px;\"><strong>cc_cookie_decline<\/strong><\/td>\n<td style=\"height: 23px;\">Se utilizan para comprobar si el visitante acepta las cookies.<\/td>\n<\/tr>\n<tr style=\"height: 23px;\">\n<td style=\"height: 23px;\"><strong>DS_DAYVO_LIKES<\/strong><\/td>\n<td style=\"height: 23px;\">Para comprobar si una persona ya le ha dado un &#8216;like&#8217; propietario de Dayvo Sistemas a un elemento.<\/td>\n<\/tr>\n<tr style=\"height: 23px;\">\n<td style=\"height: 23px;\"><strong>ASPXAUTH<\/strong><\/td>\n<td style=\"height: 23px;\">Se utiliza para almacenar un identificador \u00fanico para la sesi\u00f3n.<\/td>\n<\/tr>\n<tr style=\"height: 23px;\">\n<td style=\"height: 23px;\"><strong>ASP.NET_SessionId<\/strong><\/td>\n<td style=\"height: 23px;\">Se utiliza para almacenar un identificador \u00fanico para la sesi\u00f3n.<\/td>\n<\/tr>\n<tr style=\"height: 47px;\">\n<td style=\"height: 47px;\"><strong>_RequestVerificationToken<\/strong><\/td>\n<td style=\"height: 47px;\">De la utilizaci\u00f3n de AntiForgeryToken que se utiliza para prevenir ataques de solicitud de falsificaci\u00f3n Cross-Site.<\/td>\n<\/tr>\n<tr style=\"height: 23px;\">\n<td style=\"height: 23px;\"><strong>tfw_exp<\/strong><\/td>\n<td style=\"height: 23px;\">Cookie usada por twitter para mostrar publicidad.<\/td>\n<\/tr>\n<tr style=\"height: 95px;\">\n<td style=\"height: 95px;\"><strong>uid<\/strong><\/td>\n<td style=\"height: 95px;\">Esta cookie est\u00e1 establecida por CloudFare. Esta cookie se utiliza para identificar clientes individuales tras una direcci\u00f3n IP compartida y aplicar configuraciones de seguridad por cliente. No corresponde a ninguna identificaci\u00f3n de usuario en la aplicaci\u00f3n web y no almacena ninguna informaci\u00f3n de identificaci\u00f3n personal.<\/td>\n<\/tr>\n<tr style=\"height: 95px;\">\n<td style=\"height: 95px;\"><strong>uvc<\/strong><\/td>\n<td style=\"height: 95px;\">Esta cookie se utiliza para medir el n\u00famero y el comportamiento de los visitantes del sitio web de forma an\u00f3nima. Las datos incluyen el n\u00famero de visitas, la duraci\u00f3n media de la visita en el sitio web, las p\u00e1ginas visitadas, etc. con el fin de comprender mejor las preferencias del usuario para los anuncios personalizados.<\/td>\n<\/tr>\n<tr style=\"height: 23px;\">\n<td style=\"height: 23px;\"><strong>1P_JAR<\/strong><\/td>\n<td style=\"height: 23px;\">Transfiere datos a Google.<\/td>\n<\/tr>\n<tr style=\"height: 47px;\">\n<td style=\"height: 47px;\"><strong>datr<\/strong><\/td>\n<td style=\"height: 47px;\">El prop\u00f3sito es identificar el navegador web que se utiliza para conectarse a Facebook independientemente del usuario que ha entrado.<\/td>\n<\/tr>\n<\/tbody>\n<\/table>\n<p>[\/et_pb_text][et_pb_text _builder_version=\u00bb4.25.1&#8243; text_font=\u00bbPoppins|300|||||||\u00bb text_text_color=\u00bb#333333&#8243; text_line_height=\u00bb2em\u00bb text_orientation=\u00bbjustified\u00bb animation_style=\u00bbfade\u00bb text_orientation_tablet=\u00bbleft\u00bb text_orientation_phone=\u00bbleft\u00bb text_orientation_last_edited=\u00bbon|tablet\u00bb global_colors_info=\u00bb{}\u00bb]<\/p>\n<p>Esta informaci\u00f3n se actualizar\u00e1 en la medida en que cambien los servicios ofrecidos en este sitio web.<\/p>\n<p>C\u00f3mo modificar la configuraci\u00f3n de las cookies<\/p>\n<p>El usuario puede restringir, bloquear o borrar las cookies de Sanz Advocats o cualquier otra p\u00e1gina web desde su navegador. En cada navegador la operativa es diferente, puede encontrar c\u00f3mo hacerlo en el men\u00fa de ayuda de su navegador, en el que se establece el procedimiento para su eliminaci\u00f3n. Para m\u00e1s informaci\u00f3n puede acceder a las siguientes p\u00e1ginas web:<\/p>\n<ul>\n<li>Google Chrome: https:\/\/support.google.com\/chrome\/answer\/95647?co=GENIE.Platform%3DDesktop&amp;hl=es<\/li>\n<li>Mozilla Firefox: https:\/\/support.mozilla.org\/es\/kb\/habilitar-y-deshabilitar-cookies-sitios-web-rastrear-preferencias<\/li>\n<li>Safari: https:\/\/support.apple.com\/es-es\/guide\/safari\/sfri11471\/mac<\/li>\n<li>Internet Explorer: https:\/\/support.microsoft.com\/es-es\/help\/278835\/how-to-delete-cookie-files-in-internet-explorer<br \/>Es posible que al deshabilitar las cookies la p\u00e1gina web no funcione correctamente o no pueda acceder a determinadas funciones de la misma.<\/li>\n<\/ul>\n<p>[\/et_pb_text][\/et_pb_column][\/et_pb_row][\/et_pb_section]<\/p>\n","protected":false},"excerpt":{"rendered":"<p>Pol\u00edtica de cookiesEn cumplimiento con el deber de informaci\u00f3n recogido en el apartado 2\u00ba del art\u00edculo 22 de la Ley 34\/2002, de 11 de Julio, de Servicios de la Sociedad de la Informaci\u00f3n y del Comercio Electr\u00f3nico, la presente cl\u00e1usula de cookies tiene por finalidad informar a los usuarios de forma clara y precisa sobre [&hellip;]<\/p>\n","protected":false},"author":3,"featured_media":0,"parent":0,"menu_order":0,"comment_status":"closed","ping_status":"closed","template":"","meta":{"_et_pb_use_builder":"on","_et_pb_old_content":"","_et_gb_content_width":"","footnotes":""},"yoast_head":"<!-- This site is optimized with the Yoast SEO plugin v22.9 - https:\/\/yoast.com\/wordpress\/plugins\/seo\/ -->\n<title>Pol\u00edtica de Cookies - Sanz Advocats<\/title>\n<meta name=\"robots\" content=\"index, follow, max-snippet:-1, max-image-preview:large, max-video-preview:-1\" \/>\n<link rel=\"canonical\" href=\"https:\/\/sanzadvocats.com\/es\/politica-de-cookies\/\" \/>\n<meta property=\"og:locale\" content=\"es_ES\" \/>\n<meta property=\"og:type\" content=\"article\" \/>\n<meta property=\"og:title\" content=\"Pol\u00edtica de Cookies - Sanz Advocats\" \/>\n<meta property=\"og:description\" content=\"Pol\u00edtica de cookiesEn cumplimiento con el deber de informaci\u00f3n recogido en el apartado 2\u00ba del art\u00edculo 22 de la Ley 34\/2002, de 11 de Julio, de Servicios de la Sociedad de la Informaci\u00f3n y del Comercio Electr\u00f3nico, la presente cl\u00e1usula de cookies tiene por finalidad informar a los usuarios de forma clara y precisa sobre [&hellip;]\" \/>\n<meta property=\"og:url\" content=\"https:\/\/sanzadvocats.com\/es\/politica-de-cookies\/\" \/>\n<meta property=\"og:site_name\" content=\"Sanz Advocats\" \/>\n<meta property=\"article:modified_time\" content=\"2024-06-27T14:39:57+00:00\" \/>\n<meta name=\"twitter:card\" content=\"summary_large_image\" \/>\n<meta name=\"twitter:label1\" content=\"Tiempo de lectura\" \/>\n\t<meta name=\"twitter:data1\" content=\"9 minutos\" \/>\n<script type=\"application\/ld+json\" class=\"yoast-schema-graph\">{\"@context\":\"https:\/\/schema.org\",\"@graph\":[{\"@type\":\"WebPage\",\"@id\":\"https:\/\/sanzadvocats.com\/es\/politica-de-cookies\/\",\"url\":\"https:\/\/sanzadvocats.com\/es\/politica-de-cookies\/\",\"name\":\"Pol\u00edtica de Cookies - Sanz Advocats\",\"isPartOf\":{\"@id\":\"https:\/\/sanzadvocats.com\/es\/#website\"},\"datePublished\":\"2021-09-10T08:16:30+00:00\",\"dateModified\":\"2024-06-27T14:39:57+00:00\",\"breadcrumb\":{\"@id\":\"https:\/\/sanzadvocats.com\/es\/politica-de-cookies\/#breadcrumb\"},\"inLanguage\":\"es\",\"potentialAction\":[{\"@type\":\"ReadAction\",\"target\":[\"https:\/\/sanzadvocats.com\/es\/politica-de-cookies\/\"]}]},{\"@type\":\"BreadcrumbList\",\"@id\":\"https:\/\/sanzadvocats.com\/es\/politica-de-cookies\/#breadcrumb\",\"itemListElement\":[{\"@type\":\"ListItem\",\"position\":1,\"name\":\"Portada\",\"item\":\"https:\/\/sanzadvocats.com\/es\/\"},{\"@type\":\"ListItem\",\"position\":2,\"name\":\"Pol\u00edtica de Cookies\"}]},{\"@type\":\"WebSite\",\"@id\":\"https:\/\/sanzadvocats.com\/es\/#website\",\"url\":\"https:\/\/sanzadvocats.com\/es\/\",\"name\":\"Sanz Advocats\",\"description\":\"\",\"potentialAction\":[{\"@type\":\"SearchAction\",\"target\":{\"@type\":\"EntryPoint\",\"urlTemplate\":\"https:\/\/sanzadvocats.com\/es\/?s={search_term_string}\"},\"query-input\":\"required name=search_term_string\"}],\"inLanguage\":\"es\"}]}<\/script>\n<!-- \/ Yoast SEO plugin. -->","yoast_head_json":{"title":"Pol\u00edtica de Cookies - Sanz Advocats","robots":{"index":"index","follow":"follow","max-snippet":"max-snippet:-1","max-image-preview":"max-image-preview:large","max-video-preview":"max-video-preview:-1"},"canonical":"https:\/\/sanzadvocats.com\/es\/politica-de-cookies\/","og_locale":"es_ES","og_type":"article","og_title":"Pol\u00edtica de Cookies - Sanz Advocats","og_description":"Pol\u00edtica de cookiesEn cumplimiento con el deber de informaci\u00f3n recogido en el apartado 2\u00ba del art\u00edculo 22 de la Ley 34\/2002, de 11 de Julio, de Servicios de la Sociedad de la Informaci\u00f3n y del Comercio Electr\u00f3nico, la presente cl\u00e1usula de cookies tiene por finalidad informar a los usuarios de forma clara y precisa sobre [&hellip;]","og_url":"https:\/\/sanzadvocats.com\/es\/politica-de-cookies\/","og_site_name":"Sanz Advocats","article_modified_time":"2024-06-27T14:39:57+00:00","twitter_card":"summary_large_image","twitter_misc":{"Tiempo de lectura":"9 minutos"},"schema":{"@context":"https:\/\/schema.org","@graph":[{"@type":"WebPage","@id":"https:\/\/sanzadvocats.com\/es\/politica-de-cookies\/","url":"https:\/\/sanzadvocats.com\/es\/politica-de-cookies\/","name":"Pol\u00edtica de Cookies - Sanz Advocats","isPartOf":{"@id":"https:\/\/sanzadvocats.com\/es\/#website"},"datePublished":"2021-09-10T08:16:30+00:00","dateModified":"2024-06-27T14:39:57+00:00","breadcrumb":{"@id":"https:\/\/sanzadvocats.com\/es\/politica-de-cookies\/#breadcrumb"},"inLanguage":"es","potentialAction":[{"@type":"ReadAction","target":["https:\/\/sanzadvocats.com\/es\/politica-de-cookies\/"]}]},{"@type":"BreadcrumbList","@id":"https:\/\/sanzadvocats.com\/es\/politica-de-cookies\/#breadcrumb","itemListElement":[{"@type":"ListItem","position":1,"name":"Portada","item":"https:\/\/sanzadvocats.com\/es\/"},{"@type":"ListItem","position":2,"name":"Pol\u00edtica de Cookies"}]},{"@type":"WebSite","@id":"https:\/\/sanzadvocats.com\/es\/#website","url":"https:\/\/sanzadvocats.com\/es\/","name":"Sanz Advocats","description":"","potentialAction":[{"@type":"SearchAction","target":{"@type":"EntryPoint","urlTemplate":"https:\/\/sanzadvocats.com\/es\/?s={search_term_string}"},"query-input":"required name=search_term_string"}],"inLanguage":"es"}]}},"_links":{"self":[{"href":"https:\/\/sanzadvocats.com\/es\/wp-json\/wp\/v2\/pages\/241474"}],"collection":[{"href":"https:\/\/sanzadvocats.com\/es\/wp-json\/wp\/v2\/pages"}],"about":[{"href":"https:\/\/sanzadvocats.com\/es\/wp-json\/wp\/v2\/types\/page"}],"author":[{"embeddable":true,"href":"https:\/\/sanzadvocats.com\/es\/wp-json\/wp\/v2\/users\/3"}],"replies":[{"embeddable":true,"href":"https:\/\/sanzadvocats.com\/es\/wp-json\/wp\/v2\/comments?post=241474"}],"version-history":[{"count":12,"href":"https:\/\/sanzadvocats.com\/es\/wp-json\/wp\/v2\/pages\/241474\/revisions"}],"predecessor-version":[{"id":242303,"href":"https:\/\/sanzadvocats.com\/es\/wp-json\/wp\/v2\/pages\/241474\/revisions\/242303"}],"wp:attachment":[{"href":"https:\/\/sanzadvocats.com\/es\/wp-json\/wp\/v2\/media?parent=241474"}],"curies":[{"name":"wp","href":"https:\/\/api.w.org\/{rel}","templated":true}]}}